{"id":73,"date":"2012-09-13T08:37:47","date_gmt":"2012-09-13T06:37:47","guid":{"rendered":"http:\/\/wws-eisele.de\/v2\/?page_id=73"},"modified":"2022-11-22T17:49:04","modified_gmt":"2022-11-22T15:49:04","slug":"zertifizierung","status":"publish","type":"page","link":"http:\/\/wws-eisele.de\/?page_id=73","title":{"rendered":"Zertifizierung"},"content":{"rendered":"<p><!--:de--><\/p>\n<h2>Zertifizierung nach geltenden Regelwerken<\/h2>\n<p><span style=\"font-size: small;\">Sie m\u00f6chten Gewissheit haben, dass Ihre Anlage oder Ihr Produkt den technischen Regelwerken entsprechen?<\/span><\/p>\n<p><strong><img decoding=\"async\" class=\"alignright\" title=\"WWS-Button Zertifizierte Sicherheit\" src=\"http:\/\/wws-eisele.de\/wp-content\/uploads\/2012\/09\/WWS-Button-Zertifizierte-Sicherheit1-150x150.jpg\" alt=\"\" \/>Wir f\u00fchren aufgrund der Pr\u00fcfung, Analyse und Bewertung eine Zertifizierung nach den geltenden technischen Regelwerken durch.<\/strong><\/p>\n<p>Nutzen Sie diesen Vorteil der Sicherheit f\u00fcr Sie und Ihre Kunden!<\/p>\n<p>Nutzen Sie diesen Vorteil der Besonderheit f\u00fcr Ihre Werbung!<\/p>\n<hr \/>\n<p><strong>M\u00f6chten Sie weitere Informationen oder haben Sie Fragen?<\/strong><br \/>\n<strong>Sprechen Sie uns an, wir beraten Sie gerne!<\/strong><\/p>\n<p>Telefon +49 (0) 711 22 04 15 59<br \/>\nTelefon Mobil +49 (0) 163 7 11 00 31<br \/>\nE-Mail\u00a0<a href=\"mailto:info@wws-eisele.de\">info@wws-eisele.de<\/a><\/p>\n<p><!--:--><!--:en--><\/p>\n","protected":false},"excerpt":{"rendered":"<p>Zertifizierung nach geltenden Regelwerken Sie m\u00f6chten Gewissheit haben, dass Ihre Anlage oder Ihr Produkt den technischen Regelwerken entsprechen? Wir f\u00fchren aufgrund der Pr\u00fcfung, Analyse und Bewertung eine Zertifizierung nach den geltenden technischen Regelwerken durch. Nutzen Sie diesen Vorteil der Sicherheit f\u00fcr Sie und Ihre Kunden! Nutzen Sie diesen Vorteil der Besonderheit f\u00fcr Ihre Werbung! M\u00f6chten [&hellip;]<\/p>\n","protected":false},"author":3,"featured_media":0,"parent":10,"menu_order":0,"comment_status":"closed","ping_status":"closed","template":"","meta":[],"yoast_head":"<!-- This site is optimized with the Yoast SEO plugin v20.0 - https:\/\/yoast.com\/wordpress\/plugins\/seo\/ -->\n<title>Zertifizierung - WWS EISELE<\/title>\n<meta name=\"robots\" content=\"index, follow, max-snippet:-1, max-image-preview:large, max-video-preview:-1\" \/>\n<link rel=\"canonical\" href=\"http:\/\/wws-eisele.de\/?page_id=73\" \/>\n<meta name=\"twitter:card\" content=\"summary_large_image\" \/>\n<meta name=\"twitter:title\" content=\"Zertifizierung - WWS EISELE\" \/>\n<meta name=\"twitter:description\" content=\"Zertifizierung nach geltenden Regelwerken Sie m\u00f6chten Gewissheit haben, dass Ihre Anlage oder Ihr Produkt den technischen Regelwerken entsprechen? Wir f\u00fchren aufgrund der Pr\u00fcfung, Analyse und Bewertung eine Zertifizierung nach den geltenden technischen Regelwerken durch. Nutzen Sie diesen Vorteil der Sicherheit f\u00fcr Sie und Ihre Kunden! Nutzen Sie diesen Vorteil der Besonderheit f\u00fcr Ihre Werbung! M\u00f6chten [&hellip;]\" \/>\n<meta name=\"twitter:image\" content=\"http:\/\/wws-eisele.de\/wp-content\/uploads\/2012\/09\/WWS-Button-Zertifizierte-Sicherheit1.jpg\" \/>\n<meta name=\"twitter:label1\" content=\"Gesch\u00e4tzte Lesezeit\" \/>\n\t<meta name=\"twitter:data1\" content=\"1 Minute\" \/>\n<script type=\"application\/ld+json\" class=\"yoast-schema-graph\">{\"@context\":\"https:\/\/schema.org\",\"@graph\":[{\"@type\":\"WebPage\",\"@id\":\"http:\/\/wws-eisele.de\/?page_id=73\",\"url\":\"http:\/\/wws-eisele.de\/?page_id=73\",\"name\":\"Zertifizierung - WWS EISELE\",\"isPartOf\":{\"@id\":\"http:\/\/wws-eisele.de\/#website\"},\"datePublished\":\"2012-09-13T06:37:47+00:00\",\"dateModified\":\"2022-11-22T15:49:04+00:00\",\"breadcrumb\":{\"@id\":\"http:\/\/wws-eisele.de\/?page_id=73#breadcrumb\"},\"inLanguage\":\"de-DE\",\"potentialAction\":[{\"@type\":\"ReadAction\",\"target\":[\"http:\/\/wws-eisele.de\/?page_id=73\"]}]},{\"@type\":\"BreadcrumbList\",\"@id\":\"http:\/\/wws-eisele.de\/?page_id=73#breadcrumb\",\"itemListElement\":[{\"@type\":\"ListItem\",\"position\":1,\"name\":\"Startseite\",\"item\":\"http:\/\/wws-eisele.de\/\"},{\"@type\":\"ListItem\",\"position\":2,\"name\":\"Leistungen\",\"item\":\"http:\/\/wws-eisele.de\/?page_id=10\"},{\"@type\":\"ListItem\",\"position\":3,\"name\":\"Zertifizierung\"}]},{\"@type\":\"WebSite\",\"@id\":\"http:\/\/wws-eisele.de\/#website\",\"url\":\"http:\/\/wws-eisele.de\/\",\"name\":\"WWS EISELE\",\"description\":\"Eine weitere WordPress-Seite\",\"potentialAction\":[{\"@type\":\"SearchAction\",\"target\":{\"@type\":\"EntryPoint\",\"urlTemplate\":\"http:\/\/wws-eisele.de\/?s={search_term_string}\"},\"query-input\":\"required name=search_term_string\"}],\"inLanguage\":\"de-DE\"}]}<\/script>\n<!-- \/ Yoast SEO plugin. -->","yoast_head_json":{"title":"Zertifizierung - WWS EISELE","robots":{"index":"index","follow":"follow","max-snippet":"max-snippet:-1","max-image-preview":"max-image-preview:large","max-video-preview":"max-video-preview:-1"},"canonical":"http:\/\/wws-eisele.de\/?page_id=73","twitter_card":"summary_large_image","twitter_title":"Zertifizierung - WWS EISELE","twitter_description":"Zertifizierung nach geltenden Regelwerken Sie m\u00f6chten Gewissheit haben, dass Ihre Anlage oder Ihr Produkt den technischen Regelwerken entsprechen? Wir f\u00fchren aufgrund der Pr\u00fcfung, Analyse und Bewertung eine Zertifizierung nach den geltenden technischen Regelwerken durch. Nutzen Sie diesen Vorteil der Sicherheit f\u00fcr Sie und Ihre Kunden! Nutzen Sie diesen Vorteil der Besonderheit f\u00fcr Ihre Werbung! M\u00f6chten [&hellip;]","twitter_image":"http:\/\/wws-eisele.de\/wp-content\/uploads\/2012\/09\/WWS-Button-Zertifizierte-Sicherheit1.jpg","twitter_misc":{"Gesch\u00e4tzte Lesezeit":"1 Minute"},"schema":{"@context":"https:\/\/schema.org","@graph":[{"@type":"WebPage","@id":"http:\/\/wws-eisele.de\/?page_id=73","url":"http:\/\/wws-eisele.de\/?page_id=73","name":"Zertifizierung - WWS EISELE","isPartOf":{"@id":"http:\/\/wws-eisele.de\/#website"},"datePublished":"2012-09-13T06:37:47+00:00","dateModified":"2022-11-22T15:49:04+00:00","breadcrumb":{"@id":"http:\/\/wws-eisele.de\/?page_id=73#breadcrumb"},"inLanguage":"de-DE","potentialAction":[{"@type":"ReadAction","target":["http:\/\/wws-eisele.de\/?page_id=73"]}]},{"@type":"BreadcrumbList","@id":"http:\/\/wws-eisele.de\/?page_id=73#breadcrumb","itemListElement":[{"@type":"ListItem","position":1,"name":"Startseite","item":"http:\/\/wws-eisele.de\/"},{"@type":"ListItem","position":2,"name":"Leistungen","item":"http:\/\/wws-eisele.de\/?page_id=10"},{"@type":"ListItem","position":3,"name":"Zertifizierung"}]},{"@type":"WebSite","@id":"http:\/\/wws-eisele.de\/#website","url":"http:\/\/wws-eisele.de\/","name":"WWS EISELE","description":"Eine weitere WordPress-Seite","potentialAction":[{"@type":"SearchAction","target":{"@type":"EntryPoint","urlTemplate":"http:\/\/wws-eisele.de\/?s={search_term_string}"},"query-input":"required name=search_term_string"}],"inLanguage":"de-DE"}]}},"_links":{"self":[{"href":"http:\/\/wws-eisele.de\/index.php?rest_route=\/wp\/v2\/pages\/73"}],"collection":[{"href":"http:\/\/wws-eisele.de\/index.php?rest_route=\/wp\/v2\/pages"}],"about":[{"href":"http:\/\/wws-eisele.de\/index.php?rest_route=\/wp\/v2\/types\/page"}],"author":[{"embeddable":true,"href":"http:\/\/wws-eisele.de\/index.php?rest_route=\/wp\/v2\/users\/3"}],"replies":[{"embeddable":true,"href":"http:\/\/wws-eisele.de\/index.php?rest_route=%2Fwp%2Fv2%2Fcomments&post=73"}],"version-history":[{"count":32,"href":"http:\/\/wws-eisele.de\/index.php?rest_route=\/wp\/v2\/pages\/73\/revisions"}],"predecessor-version":[{"id":687,"href":"http:\/\/wws-eisele.de\/index.php?rest_route=\/wp\/v2\/pages\/73\/revisions\/687"}],"up":[{"embeddable":true,"href":"http:\/\/wws-eisele.de\/index.php?rest_route=\/wp\/v2\/pages\/10"}],"wp:attachment":[{"href":"http:\/\/wws-eisele.de\/index.php?rest_route=%2Fwp%2Fv2%2Fmedia&parent=73"}],"curies":[{"name":"wp","href":"https:\/\/api.w.org\/{rel}","templated":true}]}}