{"id":70,"date":"2012-09-13T08:34:51","date_gmt":"2012-09-13T06:34:51","guid":{"rendered":"http:\/\/wws-eisele.de\/v2\/?page_id=70"},"modified":"2022-11-22T17:48:18","modified_gmt":"2022-11-22T15:48:18","slug":"produktberatung","status":"publish","type":"page","link":"http:\/\/wws-eisele.de\/?page_id=70","title":{"rendered":"Produktberatung"},"content":{"rendered":"<p><!--:de--><\/p>\n<h2>Produktberatung bei Neuentwicklungen und \u00c4nderungen<\/h2>\n<p>Sie sind Hersteller von\u00a0Schwimmbecken, Anlagen zur Badewasseraufbereitung oder vertreiben diese?<\/p>\n<p><strong>Eine Zusammenarbeit mit uns zahlt sich f\u00fcr Sie in mehrerer Hinsicht aus, denn die Vorteile liegen klar auf der Hand<\/strong>:<\/p>\n<p>Umfangreiches Wissen und Erfahrung technischer M\u00f6glichkeiten, Kenntnisse\u00a0anzuwendender Regelwerke und zuk\u00fcnftiger Trends unterst\u00fctzten Sie effizient in der Entwicklung neuer oder in der \u00dcberarbeitung bestehender Produkte.<\/p>\n<p>Unterst\u00fctzung auch bei der Anmeldung von Geschmacksmuster, Gebrauchsmuster und Patent.<\/p>\n<hr \/>\n<p><strong>M\u00f6chten Sie weitere Informationen oder haben Sie Fragen?<\/strong><br \/>\n<strong>Sprechen Sie uns an, wir beraten Sie gerne!<\/strong><\/p>\n<p>Telefon +49 (0) 711 22 04 15 59<br \/>\nTelefon Mobil +49 (0) 163 7 11 00 31<br \/>\nE-Mail\u00a0<a href=\"mailto:info@wws-eisele.de\">info@wws-eisele.de<\/a><!--:--><!--:en--><\/p>\n<p><!--:--><\/p>\n","protected":false},"excerpt":{"rendered":"<p>Produktberatung bei Neuentwicklungen und \u00c4nderungen Sie sind Hersteller von\u00a0Schwimmbecken, Anlagen zur Badewasseraufbereitung oder vertreiben diese? Eine Zusammenarbeit mit uns zahlt sich f\u00fcr Sie in mehrerer Hinsicht aus, denn die Vorteile liegen klar auf der Hand: Umfangreiches Wissen und Erfahrung technischer M\u00f6glichkeiten, Kenntnisse\u00a0anzuwendender Regelwerke und zuk\u00fcnftiger Trends unterst\u00fctzten Sie effizient in der Entwicklung neuer oder in [&hellip;]<\/p>\n","protected":false},"author":3,"featured_media":0,"parent":10,"menu_order":0,"comment_status":"closed","ping_status":"closed","template":"","meta":[],"yoast_head":"<!-- This site is optimized with the Yoast SEO plugin v20.0 - https:\/\/yoast.com\/wordpress\/plugins\/seo\/ -->\n<title>Produktberatung - WWS EISELE<\/title>\n<meta name=\"robots\" content=\"index, follow, max-snippet:-1, max-image-preview:large, max-video-preview:-1\" \/>\n<link rel=\"canonical\" href=\"http:\/\/wws-eisele.de\/?page_id=70\" \/>\n<meta name=\"twitter:card\" content=\"summary_large_image\" \/>\n<meta name=\"twitter:title\" content=\"Produktberatung - WWS EISELE\" \/>\n<meta name=\"twitter:description\" content=\"Produktberatung bei Neuentwicklungen und \u00c4nderungen Sie sind Hersteller von\u00a0Schwimmbecken, Anlagen zur Badewasseraufbereitung oder vertreiben diese? Eine Zusammenarbeit mit uns zahlt sich f\u00fcr Sie in mehrerer Hinsicht aus, denn die Vorteile liegen klar auf der Hand: Umfangreiches Wissen und Erfahrung technischer M\u00f6glichkeiten, Kenntnisse\u00a0anzuwendender Regelwerke und zuk\u00fcnftiger Trends unterst\u00fctzten Sie effizient in der Entwicklung neuer oder in [&hellip;]\" \/>\n<meta name=\"twitter:label1\" content=\"Gesch\u00e4tzte Lesezeit\" \/>\n\t<meta name=\"twitter:data1\" content=\"1 Minute\" \/>\n<script type=\"application\/ld+json\" class=\"yoast-schema-graph\">{\"@context\":\"https:\/\/schema.org\",\"@graph\":[{\"@type\":\"WebPage\",\"@id\":\"http:\/\/wws-eisele.de\/?page_id=70\",\"url\":\"http:\/\/wws-eisele.de\/?page_id=70\",\"name\":\"Produktberatung - WWS EISELE\",\"isPartOf\":{\"@id\":\"http:\/\/wws-eisele.de\/#website\"},\"datePublished\":\"2012-09-13T06:34:51+00:00\",\"dateModified\":\"2022-11-22T15:48:18+00:00\",\"breadcrumb\":{\"@id\":\"http:\/\/wws-eisele.de\/?page_id=70#breadcrumb\"},\"inLanguage\":\"de-DE\",\"potentialAction\":[{\"@type\":\"ReadAction\",\"target\":[\"http:\/\/wws-eisele.de\/?page_id=70\"]}]},{\"@type\":\"BreadcrumbList\",\"@id\":\"http:\/\/wws-eisele.de\/?page_id=70#breadcrumb\",\"itemListElement\":[{\"@type\":\"ListItem\",\"position\":1,\"name\":\"Startseite\",\"item\":\"http:\/\/wws-eisele.de\/\"},{\"@type\":\"ListItem\",\"position\":2,\"name\":\"Leistungen\",\"item\":\"http:\/\/wws-eisele.de\/?page_id=10\"},{\"@type\":\"ListItem\",\"position\":3,\"name\":\"Produktberatung\"}]},{\"@type\":\"WebSite\",\"@id\":\"http:\/\/wws-eisele.de\/#website\",\"url\":\"http:\/\/wws-eisele.de\/\",\"name\":\"WWS EISELE\",\"description\":\"Eine weitere WordPress-Seite\",\"potentialAction\":[{\"@type\":\"SearchAction\",\"target\":{\"@type\":\"EntryPoint\",\"urlTemplate\":\"http:\/\/wws-eisele.de\/?s={search_term_string}\"},\"query-input\":\"required name=search_term_string\"}],\"inLanguage\":\"de-DE\"}]}<\/script>\n<!-- \/ Yoast SEO plugin. -->","yoast_head_json":{"title":"Produktberatung - WWS EISELE","robots":{"index":"index","follow":"follow","max-snippet":"max-snippet:-1","max-image-preview":"max-image-preview:large","max-video-preview":"max-video-preview:-1"},"canonical":"http:\/\/wws-eisele.de\/?page_id=70","twitter_card":"summary_large_image","twitter_title":"Produktberatung - WWS EISELE","twitter_description":"Produktberatung bei Neuentwicklungen und \u00c4nderungen Sie sind Hersteller von\u00a0Schwimmbecken, Anlagen zur Badewasseraufbereitung oder vertreiben diese? Eine Zusammenarbeit mit uns zahlt sich f\u00fcr Sie in mehrerer Hinsicht aus, denn die Vorteile liegen klar auf der Hand: Umfangreiches Wissen und Erfahrung technischer M\u00f6glichkeiten, Kenntnisse\u00a0anzuwendender Regelwerke und zuk\u00fcnftiger Trends unterst\u00fctzten Sie effizient in der Entwicklung neuer oder in [&hellip;]","twitter_misc":{"Gesch\u00e4tzte Lesezeit":"1 Minute"},"schema":{"@context":"https:\/\/schema.org","@graph":[{"@type":"WebPage","@id":"http:\/\/wws-eisele.de\/?page_id=70","url":"http:\/\/wws-eisele.de\/?page_id=70","name":"Produktberatung - WWS EISELE","isPartOf":{"@id":"http:\/\/wws-eisele.de\/#website"},"datePublished":"2012-09-13T06:34:51+00:00","dateModified":"2022-11-22T15:48:18+00:00","breadcrumb":{"@id":"http:\/\/wws-eisele.de\/?page_id=70#breadcrumb"},"inLanguage":"de-DE","potentialAction":[{"@type":"ReadAction","target":["http:\/\/wws-eisele.de\/?page_id=70"]}]},{"@type":"BreadcrumbList","@id":"http:\/\/wws-eisele.de\/?page_id=70#breadcrumb","itemListElement":[{"@type":"ListItem","position":1,"name":"Startseite","item":"http:\/\/wws-eisele.de\/"},{"@type":"ListItem","position":2,"name":"Leistungen","item":"http:\/\/wws-eisele.de\/?page_id=10"},{"@type":"ListItem","position":3,"name":"Produktberatung"}]},{"@type":"WebSite","@id":"http:\/\/wws-eisele.de\/#website","url":"http:\/\/wws-eisele.de\/","name":"WWS EISELE","description":"Eine weitere WordPress-Seite","potentialAction":[{"@type":"SearchAction","target":{"@type":"EntryPoint","urlTemplate":"http:\/\/wws-eisele.de\/?s={search_term_string}"},"query-input":"required name=search_term_string"}],"inLanguage":"de-DE"}]}},"_links":{"self":[{"href":"http:\/\/wws-eisele.de\/index.php?rest_route=\/wp\/v2\/pages\/70"}],"collection":[{"href":"http:\/\/wws-eisele.de\/index.php?rest_route=\/wp\/v2\/pages"}],"about":[{"href":"http:\/\/wws-eisele.de\/index.php?rest_route=\/wp\/v2\/types\/page"}],"author":[{"embeddable":true,"href":"http:\/\/wws-eisele.de\/index.php?rest_route=\/wp\/v2\/users\/3"}],"replies":[{"embeddable":true,"href":"http:\/\/wws-eisele.de\/index.php?rest_route=%2Fwp%2Fv2%2Fcomments&post=70"}],"version-history":[{"count":23,"href":"http:\/\/wws-eisele.de\/index.php?rest_route=\/wp\/v2\/pages\/70\/revisions"}],"predecessor-version":[{"id":686,"href":"http:\/\/wws-eisele.de\/index.php?rest_route=\/wp\/v2\/pages\/70\/revisions\/686"}],"up":[{"embeddable":true,"href":"http:\/\/wws-eisele.de\/index.php?rest_route=\/wp\/v2\/pages\/10"}],"wp:attachment":[{"href":"http:\/\/wws-eisele.de\/index.php?rest_route=%2Fwp%2Fv2%2Fmedia&parent=70"}],"curies":[{"name":"wp","href":"https:\/\/api.w.org\/{rel}","templated":true}]}}