{"id":66,"date":"2012-09-13T08:27:11","date_gmt":"2012-09-13T06:27:11","guid":{"rendered":"http:\/\/wws-eisele.de\/v2\/?page_id=66"},"modified":"2022-11-22T17:46:52","modified_gmt":"2022-11-22T15:46:52","slug":"planung-von-neuanlagen","status":"publish","type":"page","link":"http:\/\/wws-eisele.de\/?page_id=66","title":{"rendered":"Planung von Neuanlagen"},"content":{"rendered":"<p><!--:de--><\/p>\n<h2><strong>Planung von Neuanlagen und bei Sanierungen<\/strong><\/h2>\n<p>Als Unternehmen planen Sie ein Schwimmbad oder einen Wellnessbereich?<br \/>\nSie m\u00f6chten ein bestehendes Schwimmbad auf den neuesten Stand der Technik bringen ?<\/p>\n<p>In gemeinsamer Absprache mit Ihnen f\u00fchren wir die Planungen aus.<\/p>\n<p><strong>Die Planungsleistungen<\/strong> <strong>umfassen<\/strong>:<\/p>\n<ul>\n<li>Beratung hinsichtlich Anforderungen und Ausstattungen von Schwimmb\u00e4dern, Schwimmhallen und Wellnessbereichen<\/li>\n<li>Dimensionierung der Badewasseraufbereitungstechnik sowie der L\u00fcftungs- und Klimatechnik der Schwimmhalle<\/li>\n<li>Unterst\u00fctzung bei Gespr\u00e4chen mit Landratsamt und\u00a0Wasserbeh\u00f6rde<\/li>\n<li>Durchf\u00fchrung von Betriebskostenanalysen\u00a0sowie Vergleich und\u00a0Beurteilung von Investitionsvarianten<\/li>\n<li>Erstellung von Ausf\u00fchrungspl\u00e4nen f\u00fcr das Schwimmbecken, Badewasseraufbereitung sowie L\u00fcftungs- und Klimatechnik der Schwimmhalle<\/li>\n<li>Erstellung von Leistungsverzeichnissen<\/li>\n<li>Unterst\u00fctzung in der Bauphase<\/li>\n<li>Durchf\u00fchrung von Abnahmen der Badewasseraufbereitungstechnik<\/li>\n<\/ul>\n<hr \/>\n<p><strong>M\u00f6chten Sie weitere Informationen oder haben Sie Fragen?<\/strong><br \/>\n<strong>Sprechen Sie uns an, wir beraten Sie gerne!<\/strong><\/p>\n<p>Telefon +49 (0) 711 22 04 15 59<br \/>\nTelefon Mobil +49 (0) 163 7 11 00 31<br \/>\nE-Mail\u00a0<a href=\"mailto:info@wws-eisele.de\">info@wws-eisele.de<\/a><!--:--><!--:en--><\/p>\n","protected":false},"excerpt":{"rendered":"<p>Planung von Neuanlagen und bei Sanierungen Als Unternehmen planen Sie ein Schwimmbad oder einen Wellnessbereich? Sie m\u00f6chten ein bestehendes Schwimmbad auf den neuesten Stand der Technik bringen ? In gemeinsamer Absprache mit Ihnen f\u00fchren wir die Planungen aus. Die Planungsleistungen umfassen: Beratung hinsichtlich Anforderungen und Ausstattungen von Schwimmb\u00e4dern, Schwimmhallen und Wellnessbereichen Dimensionierung der Badewasseraufbereitungstechnik sowie [&hellip;]<\/p>\n","protected":false},"author":3,"featured_media":0,"parent":10,"menu_order":0,"comment_status":"closed","ping_status":"closed","template":"","meta":[],"yoast_head":"<!-- This site is optimized with the Yoast SEO plugin v20.0 - https:\/\/yoast.com\/wordpress\/plugins\/seo\/ -->\n<title>Planung von Neuanlagen - WWS EISELE<\/title>\n<meta name=\"robots\" content=\"index, follow, max-snippet:-1, max-image-preview:large, max-video-preview:-1\" \/>\n<link rel=\"canonical\" href=\"http:\/\/wws-eisele.de\/?page_id=66\" \/>\n<meta name=\"twitter:card\" content=\"summary_large_image\" \/>\n<meta name=\"twitter:title\" content=\"Planung von Neuanlagen - WWS EISELE\" \/>\n<meta name=\"twitter:description\" content=\"Planung von Neuanlagen und bei Sanierungen Als Unternehmen planen Sie ein Schwimmbad oder einen Wellnessbereich? Sie m\u00f6chten ein bestehendes Schwimmbad auf den neuesten Stand der Technik bringen ? In gemeinsamer Absprache mit Ihnen f\u00fchren wir die Planungen aus. Die Planungsleistungen umfassen: Beratung hinsichtlich Anforderungen und Ausstattungen von Schwimmb\u00e4dern, Schwimmhallen und Wellnessbereichen Dimensionierung der Badewasseraufbereitungstechnik sowie [&hellip;]\" \/>\n<meta name=\"twitter:label1\" content=\"Gesch\u00e4tzte Lesezeit\" \/>\n\t<meta name=\"twitter:data1\" content=\"1 Minute\" \/>\n<script type=\"application\/ld+json\" class=\"yoast-schema-graph\">{\"@context\":\"https:\/\/schema.org\",\"@graph\":[{\"@type\":\"WebPage\",\"@id\":\"http:\/\/wws-eisele.de\/?page_id=66\",\"url\":\"http:\/\/wws-eisele.de\/?page_id=66\",\"name\":\"Planung von Neuanlagen - WWS EISELE\",\"isPartOf\":{\"@id\":\"http:\/\/wws-eisele.de\/#website\"},\"datePublished\":\"2012-09-13T06:27:11+00:00\",\"dateModified\":\"2022-11-22T15:46:52+00:00\",\"breadcrumb\":{\"@id\":\"http:\/\/wws-eisele.de\/?page_id=66#breadcrumb\"},\"inLanguage\":\"de-DE\",\"potentialAction\":[{\"@type\":\"ReadAction\",\"target\":[\"http:\/\/wws-eisele.de\/?page_id=66\"]}]},{\"@type\":\"BreadcrumbList\",\"@id\":\"http:\/\/wws-eisele.de\/?page_id=66#breadcrumb\",\"itemListElement\":[{\"@type\":\"ListItem\",\"position\":1,\"name\":\"Startseite\",\"item\":\"http:\/\/wws-eisele.de\/\"},{\"@type\":\"ListItem\",\"position\":2,\"name\":\"Leistungen\",\"item\":\"http:\/\/wws-eisele.de\/?page_id=10\"},{\"@type\":\"ListItem\",\"position\":3,\"name\":\"Planung von Neuanlagen\"}]},{\"@type\":\"WebSite\",\"@id\":\"http:\/\/wws-eisele.de\/#website\",\"url\":\"http:\/\/wws-eisele.de\/\",\"name\":\"WWS EISELE\",\"description\":\"Eine weitere WordPress-Seite\",\"potentialAction\":[{\"@type\":\"SearchAction\",\"target\":{\"@type\":\"EntryPoint\",\"urlTemplate\":\"http:\/\/wws-eisele.de\/?s={search_term_string}\"},\"query-input\":\"required name=search_term_string\"}],\"inLanguage\":\"de-DE\"}]}<\/script>\n<!-- \/ Yoast SEO plugin. -->","yoast_head_json":{"title":"Planung von Neuanlagen - WWS EISELE","robots":{"index":"index","follow":"follow","max-snippet":"max-snippet:-1","max-image-preview":"max-image-preview:large","max-video-preview":"max-video-preview:-1"},"canonical":"http:\/\/wws-eisele.de\/?page_id=66","twitter_card":"summary_large_image","twitter_title":"Planung von Neuanlagen - WWS EISELE","twitter_description":"Planung von Neuanlagen und bei Sanierungen Als Unternehmen planen Sie ein Schwimmbad oder einen Wellnessbereich? Sie m\u00f6chten ein bestehendes Schwimmbad auf den neuesten Stand der Technik bringen ? In gemeinsamer Absprache mit Ihnen f\u00fchren wir die Planungen aus. Die Planungsleistungen umfassen: Beratung hinsichtlich Anforderungen und Ausstattungen von Schwimmb\u00e4dern, Schwimmhallen und Wellnessbereichen Dimensionierung der Badewasseraufbereitungstechnik sowie [&hellip;]","twitter_misc":{"Gesch\u00e4tzte Lesezeit":"1 Minute"},"schema":{"@context":"https:\/\/schema.org","@graph":[{"@type":"WebPage","@id":"http:\/\/wws-eisele.de\/?page_id=66","url":"http:\/\/wws-eisele.de\/?page_id=66","name":"Planung von Neuanlagen - WWS EISELE","isPartOf":{"@id":"http:\/\/wws-eisele.de\/#website"},"datePublished":"2012-09-13T06:27:11+00:00","dateModified":"2022-11-22T15:46:52+00:00","breadcrumb":{"@id":"http:\/\/wws-eisele.de\/?page_id=66#breadcrumb"},"inLanguage":"de-DE","potentialAction":[{"@type":"ReadAction","target":["http:\/\/wws-eisele.de\/?page_id=66"]}]},{"@type":"BreadcrumbList","@id":"http:\/\/wws-eisele.de\/?page_id=66#breadcrumb","itemListElement":[{"@type":"ListItem","position":1,"name":"Startseite","item":"http:\/\/wws-eisele.de\/"},{"@type":"ListItem","position":2,"name":"Leistungen","item":"http:\/\/wws-eisele.de\/?page_id=10"},{"@type":"ListItem","position":3,"name":"Planung von Neuanlagen"}]},{"@type":"WebSite","@id":"http:\/\/wws-eisele.de\/#website","url":"http:\/\/wws-eisele.de\/","name":"WWS EISELE","description":"Eine weitere WordPress-Seite","potentialAction":[{"@type":"SearchAction","target":{"@type":"EntryPoint","urlTemplate":"http:\/\/wws-eisele.de\/?s={search_term_string}"},"query-input":"required name=search_term_string"}],"inLanguage":"de-DE"}]}},"_links":{"self":[{"href":"http:\/\/wws-eisele.de\/index.php?rest_route=\/wp\/v2\/pages\/66"}],"collection":[{"href":"http:\/\/wws-eisele.de\/index.php?rest_route=\/wp\/v2\/pages"}],"about":[{"href":"http:\/\/wws-eisele.de\/index.php?rest_route=\/wp\/v2\/types\/page"}],"author":[{"embeddable":true,"href":"http:\/\/wws-eisele.de\/index.php?rest_route=\/wp\/v2\/users\/3"}],"replies":[{"embeddable":true,"href":"http:\/\/wws-eisele.de\/index.php?rest_route=%2Fwp%2Fv2%2Fcomments&post=66"}],"version-history":[{"count":18,"href":"http:\/\/wws-eisele.de\/index.php?rest_route=\/wp\/v2\/pages\/66\/revisions"}],"predecessor-version":[{"id":684,"href":"http:\/\/wws-eisele.de\/index.php?rest_route=\/wp\/v2\/pages\/66\/revisions\/684"}],"up":[{"embeddable":true,"href":"http:\/\/wws-eisele.de\/index.php?rest_route=\/wp\/v2\/pages\/10"}],"wp:attachment":[{"href":"http:\/\/wws-eisele.de\/index.php?rest_route=%2Fwp%2Fv2%2Fmedia&parent=66"}],"curies":[{"name":"wp","href":"https:\/\/api.w.org\/{rel}","templated":true}]}}