{"id":6,"date":"2012-08-31T09:16:27","date_gmt":"2012-08-31T07:16:27","guid":{"rendered":"http:\/\/wws-eisele.de\/v2\/?page_id=6"},"modified":"2022-11-21T16:06:44","modified_gmt":"2022-11-21T14:06:44","slug":"home","status":"publish","type":"page","link":"http:\/\/wws-eisele.de\/","title":{"rendered":"Home"},"content":{"rendered":"<p><!--:de--><\/p>\n<h2>Meine Leistungen<\/h2>\n<p><div id='home_box'>\n\t\t<ul>\n\t\t\t<li><a href='http:\/\/wws-eisele.de\/?page_id=66'>Planung\n\t\t\t<small>Neuanlagen \/ Sanierungen<\/small><\/a><\/li>\n\t\t\t<li><a href='http:\/\/wws-eisele.de\/?page_id=68'>\u00dcberpr\u00fcfung\n\t\t\t<small>der Sicherheit<\/small><\/a><\/li>\n\t\t\t<li><a href='http:\/\/wws-eisele.de\/?page_id=70'>Produktberatung\n\t\t\t<small>Neuentwicklungen \/ \u00c4nderungen<\/small><\/a><\/li>\n\t\t\t<li><a href='http:\/\/wws-eisele.de\/?page_id=73'>Zertifizierung\n\t\t\t<small>nach geltenden Regelwerken<\/small><\/a><\/li>\n\t\t<\/ul>\n\t<\/div><!--:--><!--:en--><\/p>\n<p><!--:--><\/p>\n","protected":false},"excerpt":{"rendered":"<p>Meine Leistungen<\/p>\n","protected":false},"author":3,"featured_media":0,"parent":0,"menu_order":0,"comment_status":"closed","ping_status":"closed","template":"","meta":[],"yoast_head":"<!-- This site is optimized with the Yoast SEO plugin v20.0 - https:\/\/yoast.com\/wordpress\/plugins\/seo\/ -->\n<title>Sachverst\u00e4ndiger f\u00fcr Schwimmbadbau und Schwimmbadtechnik<\/title>\n<meta name=\"description\" content=\"Frank Eisele ist Sachverst\u00e4ndiger f\u00fcr Schwimmbadtechnik Schwimmbadbau und WellnessErstellung von Gutachten\u00d6ffentlich bestellt und vereidigt\" \/>\n<meta name=\"robots\" content=\"index, follow, max-snippet:-1, max-image-preview:large, max-video-preview:-1\" \/>\n<link rel=\"canonical\" href=\"http:\/\/wws-eisele.de\/\" \/>\n<meta name=\"twitter:card\" content=\"summary_large_image\" \/>\n<meta name=\"twitter:title\" content=\"Sachverst\u00e4ndiger f\u00fcr Schwimmbadbau und Schwimmbadtechnik\" \/>\n<meta name=\"twitter:description\" content=\"Frank Eisele ist Sachverst\u00e4ndiger f\u00fcr Schwimmbadtechnik Schwimmbadbau und WellnessErstellung von Gutachten\u00d6ffentlich bestellt und vereidigt\" \/>\n<meta name=\"twitter:label1\" content=\"Gesch\u00e4tzte Lesezeit\" \/>\n\t<meta name=\"twitter:data1\" content=\"1 Minute\" \/>\n<script type=\"application\/ld+json\" class=\"yoast-schema-graph\">{\"@context\":\"https:\/\/schema.org\",\"@graph\":[{\"@type\":\"WebPage\",\"@id\":\"http:\/\/wws-eisele.de\/\",\"url\":\"http:\/\/wws-eisele.de\/\",\"name\":\"Sachverst\u00e4ndiger f\u00fcr Schwimmbadbau und Schwimmbadtechnik\",\"isPartOf\":{\"@id\":\"http:\/\/wws-eisele.de\/#website\"},\"datePublished\":\"2012-08-31T07:16:27+00:00\",\"dateModified\":\"2022-11-21T14:06:44+00:00\",\"description\":\"Frank Eisele ist Sachverst\u00e4ndiger f\u00fcr Schwimmbadtechnik Schwimmbadbau und WellnessErstellung von Gutachten\u00d6ffentlich bestellt und vereidigt\",\"breadcrumb\":{\"@id\":\"http:\/\/wws-eisele.de\/#breadcrumb\"},\"inLanguage\":\"de-DE\",\"potentialAction\":[{\"@type\":\"ReadAction\",\"target\":[\"http:\/\/wws-eisele.de\/\"]}]},{\"@type\":\"BreadcrumbList\",\"@id\":\"http:\/\/wws-eisele.de\/#breadcrumb\",\"itemListElement\":[{\"@type\":\"ListItem\",\"position\":1,\"name\":\"Startseite\",\"item\":\"http:\/\/wws-eisele.de\/\"},{\"@type\":\"ListItem\",\"position\":2,\"name\":\"Home\"}]},{\"@type\":\"WebSite\",\"@id\":\"http:\/\/wws-eisele.de\/#website\",\"url\":\"http:\/\/wws-eisele.de\/\",\"name\":\"WWS EISELE\",\"description\":\"Eine weitere WordPress-Seite\",\"potentialAction\":[{\"@type\":\"SearchAction\",\"target\":{\"@type\":\"EntryPoint\",\"urlTemplate\":\"http:\/\/wws-eisele.de\/?s={search_term_string}\"},\"query-input\":\"required name=search_term_string\"}],\"inLanguage\":\"de-DE\"}]}<\/script>\n<!-- \/ Yoast SEO plugin. -->","yoast_head_json":{"title":"Sachverst\u00e4ndiger f\u00fcr Schwimmbadbau und Schwimmbadtechnik","description":"Frank Eisele ist Sachverst\u00e4ndiger f\u00fcr Schwimmbadtechnik Schwimmbadbau und WellnessErstellung von Gutachten\u00d6ffentlich bestellt und vereidigt","robots":{"index":"index","follow":"follow","max-snippet":"max-snippet:-1","max-image-preview":"max-image-preview:large","max-video-preview":"max-video-preview:-1"},"canonical":"http:\/\/wws-eisele.de\/","twitter_card":"summary_large_image","twitter_title":"Sachverst\u00e4ndiger f\u00fcr Schwimmbadbau und Schwimmbadtechnik","twitter_description":"Frank Eisele ist Sachverst\u00e4ndiger f\u00fcr Schwimmbadtechnik Schwimmbadbau und WellnessErstellung von Gutachten\u00d6ffentlich bestellt und vereidigt","twitter_misc":{"Gesch\u00e4tzte Lesezeit":"1 Minute"},"schema":{"@context":"https:\/\/schema.org","@graph":[{"@type":"WebPage","@id":"http:\/\/wws-eisele.de\/","url":"http:\/\/wws-eisele.de\/","name":"Sachverst\u00e4ndiger f\u00fcr Schwimmbadbau und Schwimmbadtechnik","isPartOf":{"@id":"http:\/\/wws-eisele.de\/#website"},"datePublished":"2012-08-31T07:16:27+00:00","dateModified":"2022-11-21T14:06:44+00:00","description":"Frank Eisele ist Sachverst\u00e4ndiger f\u00fcr Schwimmbadtechnik Schwimmbadbau und WellnessErstellung von Gutachten\u00d6ffentlich bestellt und vereidigt","breadcrumb":{"@id":"http:\/\/wws-eisele.de\/#breadcrumb"},"inLanguage":"de-DE","potentialAction":[{"@type":"ReadAction","target":["http:\/\/wws-eisele.de\/"]}]},{"@type":"BreadcrumbList","@id":"http:\/\/wws-eisele.de\/#breadcrumb","itemListElement":[{"@type":"ListItem","position":1,"name":"Startseite","item":"http:\/\/wws-eisele.de\/"},{"@type":"ListItem","position":2,"name":"Home"}]},{"@type":"WebSite","@id":"http:\/\/wws-eisele.de\/#website","url":"http:\/\/wws-eisele.de\/","name":"WWS EISELE","description":"Eine weitere WordPress-Seite","potentialAction":[{"@type":"SearchAction","target":{"@type":"EntryPoint","urlTemplate":"http:\/\/wws-eisele.de\/?s={search_term_string}"},"query-input":"required name=search_term_string"}],"inLanguage":"de-DE"}]}},"_links":{"self":[{"href":"http:\/\/wws-eisele.de\/index.php?rest_route=\/wp\/v2\/pages\/6"}],"collection":[{"href":"http:\/\/wws-eisele.de\/index.php?rest_route=\/wp\/v2\/pages"}],"about":[{"href":"http:\/\/wws-eisele.de\/index.php?rest_route=\/wp\/v2\/types\/page"}],"author":[{"embeddable":true,"href":"http:\/\/wws-eisele.de\/index.php?rest_route=\/wp\/v2\/users\/3"}],"replies":[{"embeddable":true,"href":"http:\/\/wws-eisele.de\/index.php?rest_route=%2Fwp%2Fv2%2Fcomments&post=6"}],"version-history":[{"count":15,"href":"http:\/\/wws-eisele.de\/index.php?rest_route=\/wp\/v2\/pages\/6\/revisions"}],"predecessor-version":[{"id":671,"href":"http:\/\/wws-eisele.de\/index.php?rest_route=\/wp\/v2\/pages\/6\/revisions\/671"}],"wp:attachment":[{"href":"http:\/\/wws-eisele.de\/index.php?rest_route=%2Fwp%2Fv2%2Fmedia&parent=6"}],"curies":[{"name":"wp","href":"https:\/\/api.w.org\/{rel}","templated":true}]}}