{"id":18,"date":"2012-08-31T09:17:52","date_gmt":"2012-08-31T07:17:52","guid":{"rendered":"http:\/\/wws-eisele.de\/v2\/?page_id=18"},"modified":"2022-11-21T16:09:30","modified_gmt":"2022-11-21T14:09:30","slug":"kontakt","status":"publish","type":"page","link":"http:\/\/wws-eisele.de\/?page_id=18","title":{"rendered":"Kontakt"},"content":{"rendered":"<p><!--:de--><\/p>\n<h2 id=\"post-22\">Kontakt<\/h2>\n<div>\n<p><strong>WWS-Eisele<\/strong>\u00a0<strong>GmbH<\/strong><br \/>\nWasser Wellness Schwimmb\u00e4der<\/p>\n<p>Frank Eisele<\/p>\n<p>Bonl\u00e4nder Stra\u00dfe 9<br \/>\nD-70771 Leinfelden-Echterdingen<\/p>\n<p>Telefon +49 (0) 711 22 04 15 59<br \/>\nTelefax +49 (0) 711 22 04 15 61<br \/>\nTelefon Mobil +49 (0) 163 7 11 00 31<\/p>\n<p>E-Mail\u00a0<a href=\"mailto:info@wws-eisele.de\">info@wws-eisele.de<\/a><\/p>\n<div>\n<p>Amtsgericht Stuttgart\u00a0 HRB 737068<br \/>\nUSt. \u2013 Id Nr. DE 276 275 403<br \/>\nGesch\u00e4ftsf\u00fchrer Dipl.-Ing. \/ Dipl.-Wirtsch.-Ing. (FH) Frank Eisele<\/p>\n<p>Inhaltlich Verantwortlicher gem\u00e4\u00df \u00a7 55 Abs. 2 RStV:<br \/>\nFrank Eisele<\/p>\n<p><strong>Haftungshinweis<\/strong><\/p>\n<p>Trotz sorgf\u00e4ltiger inhaltlicher Kontrolle \u00fcbernehmen wir keine Haftung f\u00fcr die Inhalte externer Links. F\u00fcr den Inhalt der verlinkten Seiten sind ausschlie\u00dflich deren Betreiber verantwortlich.<\/p>\n<p><strong>Gestaltung \/ Programmierung<\/strong><\/p>\n<p>German Gebhard<br \/>\ng-werbe:agentur<br \/>\n<a href=\"http:\/\/www.g-werbe.net\/\" target=\"_blank\" rel=\"noopener\">www.g-werbe.net<\/a><\/p>\n<\/div>\n<\/div>\n<p><!--:--><!--:en--><\/p>\n<p><!--:--><\/p>\n","protected":false},"excerpt":{"rendered":"<p>Kontakt WWS-Eisele\u00a0GmbH Wasser Wellness Schwimmb\u00e4der Frank Eisele Bonl\u00e4nder Stra\u00dfe 9 D-70771 Leinfelden-Echterdingen Telefon +49 (0) 711 22 04 15 59 Telefax +49 (0) 711 22 04 15 61 Telefon Mobil +49 (0) 163 7 11 00 31 E-Mail\u00a0info@wws-eisele.de Amtsgericht Stuttgart\u00a0 HRB 737068 USt. \u2013 Id Nr. DE 276 275 403 Gesch\u00e4ftsf\u00fchrer Dipl.-Ing. \/ Dipl.-Wirtsch.-Ing. (FH) [&hellip;]<\/p>\n","protected":false},"author":3,"featured_media":0,"parent":0,"menu_order":0,"comment_status":"closed","ping_status":"closed","template":"","meta":[],"yoast_head":"<!-- This site is optimized with the Yoast SEO plugin v20.0 - https:\/\/yoast.com\/wordpress\/plugins\/seo\/ -->\n<title>Sachverst\u00e4ndiger Schwimmbadtechnik<\/title>\n<meta name=\"description\" content=\"Sachverst\u00e4ndiger Schwimmbadtechnik\" \/>\n<meta name=\"robots\" content=\"index, follow, max-snippet:-1, max-image-preview:large, max-video-preview:-1\" \/>\n<link rel=\"canonical\" href=\"http:\/\/wws-eisele.de\/?page_id=18\" \/>\n<meta name=\"twitter:card\" content=\"summary_large_image\" \/>\n<meta name=\"twitter:title\" content=\"Sachverst\u00e4ndiger Schwimmbadtechnik\" \/>\n<meta name=\"twitter:description\" content=\"Sachverst\u00e4ndiger Schwimmbadtechnik\" \/>\n<meta name=\"twitter:label1\" content=\"Gesch\u00e4tzte Lesezeit\" \/>\n\t<meta name=\"twitter:data1\" content=\"1 Minute\" \/>\n<script type=\"application\/ld+json\" class=\"yoast-schema-graph\">{\"@context\":\"https:\/\/schema.org\",\"@graph\":[{\"@type\":\"WebPage\",\"@id\":\"http:\/\/wws-eisele.de\/?page_id=18\",\"url\":\"http:\/\/wws-eisele.de\/?page_id=18\",\"name\":\"Sachverst\u00e4ndiger Schwimmbadtechnik\",\"isPartOf\":{\"@id\":\"http:\/\/wws-eisele.de\/#website\"},\"datePublished\":\"2012-08-31T07:17:52+00:00\",\"dateModified\":\"2022-11-21T14:09:30+00:00\",\"description\":\"Sachverst\u00e4ndiger Schwimmbadtechnik\",\"breadcrumb\":{\"@id\":\"http:\/\/wws-eisele.de\/?page_id=18#breadcrumb\"},\"inLanguage\":\"de-DE\",\"potentialAction\":[{\"@type\":\"ReadAction\",\"target\":[\"http:\/\/wws-eisele.de\/?page_id=18\"]}]},{\"@type\":\"BreadcrumbList\",\"@id\":\"http:\/\/wws-eisele.de\/?page_id=18#breadcrumb\",\"itemListElement\":[{\"@type\":\"ListItem\",\"position\":1,\"name\":\"Startseite\",\"item\":\"http:\/\/wws-eisele.de\/\"},{\"@type\":\"ListItem\",\"position\":2,\"name\":\"Kontakt\"}]},{\"@type\":\"WebSite\",\"@id\":\"http:\/\/wws-eisele.de\/#website\",\"url\":\"http:\/\/wws-eisele.de\/\",\"name\":\"WWS EISELE\",\"description\":\"Eine weitere WordPress-Seite\",\"potentialAction\":[{\"@type\":\"SearchAction\",\"target\":{\"@type\":\"EntryPoint\",\"urlTemplate\":\"http:\/\/wws-eisele.de\/?s={search_term_string}\"},\"query-input\":\"required name=search_term_string\"}],\"inLanguage\":\"de-DE\"}]}<\/script>\n<!-- \/ Yoast SEO plugin. -->","yoast_head_json":{"title":"Sachverst\u00e4ndiger Schwimmbadtechnik","description":"Sachverst\u00e4ndiger Schwimmbadtechnik","robots":{"index":"index","follow":"follow","max-snippet":"max-snippet:-1","max-image-preview":"max-image-preview:large","max-video-preview":"max-video-preview:-1"},"canonical":"http:\/\/wws-eisele.de\/?page_id=18","twitter_card":"summary_large_image","twitter_title":"Sachverst\u00e4ndiger Schwimmbadtechnik","twitter_description":"Sachverst\u00e4ndiger Schwimmbadtechnik","twitter_misc":{"Gesch\u00e4tzte Lesezeit":"1 Minute"},"schema":{"@context":"https:\/\/schema.org","@graph":[{"@type":"WebPage","@id":"http:\/\/wws-eisele.de\/?page_id=18","url":"http:\/\/wws-eisele.de\/?page_id=18","name":"Sachverst\u00e4ndiger Schwimmbadtechnik","isPartOf":{"@id":"http:\/\/wws-eisele.de\/#website"},"datePublished":"2012-08-31T07:17:52+00:00","dateModified":"2022-11-21T14:09:30+00:00","description":"Sachverst\u00e4ndiger Schwimmbadtechnik","breadcrumb":{"@id":"http:\/\/wws-eisele.de\/?page_id=18#breadcrumb"},"inLanguage":"de-DE","potentialAction":[{"@type":"ReadAction","target":["http:\/\/wws-eisele.de\/?page_id=18"]}]},{"@type":"BreadcrumbList","@id":"http:\/\/wws-eisele.de\/?page_id=18#breadcrumb","itemListElement":[{"@type":"ListItem","position":1,"name":"Startseite","item":"http:\/\/wws-eisele.de\/"},{"@type":"ListItem","position":2,"name":"Kontakt"}]},{"@type":"WebSite","@id":"http:\/\/wws-eisele.de\/#website","url":"http:\/\/wws-eisele.de\/","name":"WWS EISELE","description":"Eine weitere WordPress-Seite","potentialAction":[{"@type":"SearchAction","target":{"@type":"EntryPoint","urlTemplate":"http:\/\/wws-eisele.de\/?s={search_term_string}"},"query-input":"required name=search_term_string"}],"inLanguage":"de-DE"}]}},"_links":{"self":[{"href":"http:\/\/wws-eisele.de\/index.php?rest_route=\/wp\/v2\/pages\/18"}],"collection":[{"href":"http:\/\/wws-eisele.de\/index.php?rest_route=\/wp\/v2\/pages"}],"about":[{"href":"http:\/\/wws-eisele.de\/index.php?rest_route=\/wp\/v2\/types\/page"}],"author":[{"embeddable":true,"href":"http:\/\/wws-eisele.de\/index.php?rest_route=\/wp\/v2\/users\/3"}],"replies":[{"embeddable":true,"href":"http:\/\/wws-eisele.de\/index.php?rest_route=%2Fwp%2Fv2%2Fcomments&post=18"}],"version-history":[{"count":13,"href":"http:\/\/wws-eisele.de\/index.php?rest_route=\/wp\/v2\/pages\/18\/revisions"}],"predecessor-version":[{"id":677,"href":"http:\/\/wws-eisele.de\/index.php?rest_route=\/wp\/v2\/pages\/18\/revisions\/677"}],"wp:attachment":[{"href":"http:\/\/wws-eisele.de\/index.php?rest_route=%2Fwp%2Fv2%2Fmedia&parent=18"}],"curies":[{"name":"wp","href":"https:\/\/api.w.org\/{rel}","templated":true}]}}