{"id":14,"date":"2012-08-31T09:17:09","date_gmt":"2012-08-31T07:17:09","guid":{"rendered":"http:\/\/wws-eisele.de\/v2\/?page_id=14"},"modified":"2022-11-21T16:08:23","modified_gmt":"2022-11-21T14:08:23","slug":"philosophie","status":"publish","type":"page","link":"http:\/\/wws-eisele.de\/?page_id=14","title":{"rendered":"Philosophie"},"content":{"rendered":"<p><!--:de--><\/p>\n<h2>Philosophie<\/h2>\n<p><strong>Wirtschaftlichkeit steigern<\/strong><\/p>\n<p>Sie m\u00f6chten Ihren Kunden Schwimmbadtechnologie mit Zukunft pr\u00e4sentieren? WWS-Eisele ber\u00e4t Sie firmenneutral bei der Produktauswahl, bietet Ihnen Alternativl\u00f6sungen, zeigt Investitionskosten auf und erkl\u00e4rt, wie sich die W\u00fcnsche Ihrer Kunden am wirtschaftlichsten umsetzen lassen \u2013 inklusive Amortisationsberechnungen. Mit unserer Unterst\u00fctzung sind Sie f\u00fcr jedes Kundengespr\u00e4ch bestens vorbereitet.<\/p>\n<p><strong>Wettbewerbsvorteil sichern<\/strong><\/p>\n<p>Greifen Sie bei der Planung von Schwimmbad- und Wellnessanlagen auf die Kompetenz und Branchenerfahrung der WWS-Eisele zu. Das erspart Ihnen langwierige Recherchearbeit und vermeidet Fehlplanung. So bieten Sie Ihren Kunden durchdachte Konzepte mit qualifizierten L\u00f6sungen und bleiben bei Ihren Gesch\u00e4ftspartnern erste Wahl.<\/p>\n<p><strong>Sicherheit erh\u00f6hen<\/strong><\/p>\n<p>WWS-Eisele ist in den Normungsgremien der Branche vertreten und so stets am Puls der Zeit. \u00c4nderungen der sicherheitstechnischen Anforderungen von privat oder \u00f6ffentlich genutzten Schwimmbad- und Wellnessanlagen erfahren Sie durch WWS-Eisele aus erster Hand. So planen Sie mit Sicherheit \u2013 f\u00fcr sich und Ihre Kunden.<\/p>\n<h2><\/h2>\n<h2>Ihre Ziele sind:<\/h2>\n<p>Wirtschaftlichkeit steigern, Wettbewerbsvorteil sichern und Sicherheit erh\u00f6hen?<br \/>\nDann entscheiden Sie sich f\u00fcr eine Zusammenarbeit mit<\/p>\n<p>WWS-Eisele Wasser-Wellness-Schwimmbad<\/p>\n<p><strong>M\u00f6chten Sie weitere Informationen oder haben Sie Fragen?<br \/>\n<\/strong><strong>Sprechen Sie uns an, wir beraten Sie gerne!<\/strong><\/p>\n<p>Telefon +49 (0) 711 22 04 15 59<br \/>\nTelefon Mobil +49 (0) 163 7 11 00 31<br \/>\nE-Mail\u00a0<a href=\"mailto:info@wws-eisele.de\">info@wws-eisele.de<\/a><!--:--><!--:en--><\/p>\n<p><!--:--><\/p>\n","protected":false},"excerpt":{"rendered":"<p>Philosophie Wirtschaftlichkeit steigern Sie m\u00f6chten Ihren Kunden Schwimmbadtechnologie mit Zukunft pr\u00e4sentieren? WWS-Eisele ber\u00e4t Sie firmenneutral bei der Produktauswahl, bietet Ihnen Alternativl\u00f6sungen, zeigt Investitionskosten auf und erkl\u00e4rt, wie sich die W\u00fcnsche Ihrer Kunden am wirtschaftlichsten umsetzen lassen \u2013 inklusive Amortisationsberechnungen. Mit unserer Unterst\u00fctzung sind Sie f\u00fcr jedes Kundengespr\u00e4ch bestens vorbereitet. Wettbewerbsvorteil sichern Greifen Sie bei der [&hellip;]<\/p>\n","protected":false},"author":3,"featured_media":0,"parent":0,"menu_order":0,"comment_status":"closed","ping_status":"closed","template":"","meta":[],"yoast_head":"<!-- This site is optimized with the Yoast SEO plugin v20.0 - https:\/\/yoast.com\/wordpress\/plugins\/seo\/ -->\n<title>Sachverst\u00e4ndiger Schwimmbadtechnik<\/title>\n<meta name=\"description\" content=\"Sachverst\u00e4ndiger Schwimmbadtechnik\" \/>\n<meta name=\"robots\" content=\"index, follow, max-snippet:-1, max-image-preview:large, max-video-preview:-1\" \/>\n<link rel=\"canonical\" href=\"https:\/\/wws-eisele.de\/?page_id=14\" \/>\n<meta name=\"twitter:card\" content=\"summary_large_image\" \/>\n<meta name=\"twitter:title\" content=\"Sachverst\u00e4ndiger Schwimmbadtechnik\" \/>\n<meta name=\"twitter:description\" content=\"Sachverst\u00e4ndiger Schwimmbadtechnik\" \/>\n<meta name=\"twitter:label1\" content=\"Gesch\u00e4tzte Lesezeit\" \/>\n\t<meta name=\"twitter:data1\" content=\"2 Minuten\" \/>\n<script type=\"application\/ld+json\" class=\"yoast-schema-graph\">{\"@context\":\"https:\/\/schema.org\",\"@graph\":[{\"@type\":\"WebPage\",\"@id\":\"https:\/\/wws-eisele.de\/?page_id=14\",\"url\":\"https:\/\/wws-eisele.de\/?page_id=14\",\"name\":\"Sachverst\u00e4ndiger Schwimmbadtechnik\",\"isPartOf\":{\"@id\":\"http:\/\/wws-eisele.de\/#website\"},\"datePublished\":\"2012-08-31T07:17:09+00:00\",\"dateModified\":\"2022-11-21T14:08:23+00:00\",\"description\":\"Sachverst\u00e4ndiger Schwimmbadtechnik\",\"breadcrumb\":{\"@id\":\"https:\/\/wws-eisele.de\/?page_id=14#breadcrumb\"},\"inLanguage\":\"de-DE\",\"potentialAction\":[{\"@type\":\"ReadAction\",\"target\":[\"https:\/\/wws-eisele.de\/?page_id=14\"]}]},{\"@type\":\"BreadcrumbList\",\"@id\":\"https:\/\/wws-eisele.de\/?page_id=14#breadcrumb\",\"itemListElement\":[{\"@type\":\"ListItem\",\"position\":1,\"name\":\"Startseite\",\"item\":\"http:\/\/wws-eisele.de\/\"},{\"@type\":\"ListItem\",\"position\":2,\"name\":\"Philosophie\"}]},{\"@type\":\"WebSite\",\"@id\":\"http:\/\/wws-eisele.de\/#website\",\"url\":\"http:\/\/wws-eisele.de\/\",\"name\":\"WWS EISELE\",\"description\":\"Eine weitere WordPress-Seite\",\"potentialAction\":[{\"@type\":\"SearchAction\",\"target\":{\"@type\":\"EntryPoint\",\"urlTemplate\":\"http:\/\/wws-eisele.de\/?s={search_term_string}\"},\"query-input\":\"required name=search_term_string\"}],\"inLanguage\":\"de-DE\"}]}<\/script>\n<!-- \/ Yoast SEO plugin. -->","yoast_head_json":{"title":"Sachverst\u00e4ndiger Schwimmbadtechnik","description":"Sachverst\u00e4ndiger Schwimmbadtechnik","robots":{"index":"index","follow":"follow","max-snippet":"max-snippet:-1","max-image-preview":"max-image-preview:large","max-video-preview":"max-video-preview:-1"},"canonical":"https:\/\/wws-eisele.de\/?page_id=14","twitter_card":"summary_large_image","twitter_title":"Sachverst\u00e4ndiger Schwimmbadtechnik","twitter_description":"Sachverst\u00e4ndiger Schwimmbadtechnik","twitter_misc":{"Gesch\u00e4tzte Lesezeit":"2 Minuten"},"schema":{"@context":"https:\/\/schema.org","@graph":[{"@type":"WebPage","@id":"https:\/\/wws-eisele.de\/?page_id=14","url":"https:\/\/wws-eisele.de\/?page_id=14","name":"Sachverst\u00e4ndiger Schwimmbadtechnik","isPartOf":{"@id":"http:\/\/wws-eisele.de\/#website"},"datePublished":"2012-08-31T07:17:09+00:00","dateModified":"2022-11-21T14:08:23+00:00","description":"Sachverst\u00e4ndiger Schwimmbadtechnik","breadcrumb":{"@id":"https:\/\/wws-eisele.de\/?page_id=14#breadcrumb"},"inLanguage":"de-DE","potentialAction":[{"@type":"ReadAction","target":["https:\/\/wws-eisele.de\/?page_id=14"]}]},{"@type":"BreadcrumbList","@id":"https:\/\/wws-eisele.de\/?page_id=14#breadcrumb","itemListElement":[{"@type":"ListItem","position":1,"name":"Startseite","item":"http:\/\/wws-eisele.de\/"},{"@type":"ListItem","position":2,"name":"Philosophie"}]},{"@type":"WebSite","@id":"http:\/\/wws-eisele.de\/#website","url":"http:\/\/wws-eisele.de\/","name":"WWS EISELE","description":"Eine weitere WordPress-Seite","potentialAction":[{"@type":"SearchAction","target":{"@type":"EntryPoint","urlTemplate":"http:\/\/wws-eisele.de\/?s={search_term_string}"},"query-input":"required name=search_term_string"}],"inLanguage":"de-DE"}]}},"_links":{"self":[{"href":"http:\/\/wws-eisele.de\/index.php?rest_route=\/wp\/v2\/pages\/14"}],"collection":[{"href":"http:\/\/wws-eisele.de\/index.php?rest_route=\/wp\/v2\/pages"}],"about":[{"href":"http:\/\/wws-eisele.de\/index.php?rest_route=\/wp\/v2\/types\/page"}],"author":[{"embeddable":true,"href":"http:\/\/wws-eisele.de\/index.php?rest_route=\/wp\/v2\/users\/3"}],"replies":[{"embeddable":true,"href":"http:\/\/wws-eisele.de\/index.php?rest_route=%2Fwp%2Fv2%2Fcomments&post=14"}],"version-history":[{"count":25,"href":"http:\/\/wws-eisele.de\/index.php?rest_route=\/wp\/v2\/pages\/14\/revisions"}],"predecessor-version":[{"id":674,"href":"http:\/\/wws-eisele.de\/index.php?rest_route=\/wp\/v2\/pages\/14\/revisions\/674"}],"wp:attachment":[{"href":"http:\/\/wws-eisele.de\/index.php?rest_route=%2Fwp%2Fv2%2Fmedia&parent=14"}],"curies":[{"name":"wp","href":"https:\/\/api.w.org\/{rel}","templated":true}]}}