{"id":12,"date":"2012-08-31T09:16:58","date_gmt":"2012-08-31T07:16:58","guid":{"rendered":"http:\/\/wws-eisele.de\/v2\/?page_id=12"},"modified":"2022-11-21T16:07:52","modified_gmt":"2022-11-21T14:07:52","slug":"gutachten","status":"publish","type":"page","link":"http:\/\/wws-eisele.de\/?page_id=12","title":{"rendered":"Gutachten"},"content":{"rendered":"<p><!--:de--><\/p>\n<h2 id=\"post-75\">Ihr Sachverst\u00e4ndiger f\u00fcr Schwimmbadtechnik<\/h2>\n<p>Gerade im Bereich der Schwimmbad- und <span style=\"font-size: small;\">Wellnessanlagen <\/span>mit ihrer hochspezialisierten Technik kann es manchmal zu Situationen kommen, in denen ein Gutachten ben\u00f6tigt wird.<\/p>\n<p>Ob bei Planungsfehlern, Rechtsstreitigkeiten oder Versicherungssch\u00e4den \u2013 wir erstellen Ihnen das erforderliche\u00a0<strong>Gutachten<\/strong>: kompetent und unb\u00fcrokratisch.<\/p>\n<div>\n<hr \/>\n<\/div>\n<p><strong>Unser Leistungsumfang<\/strong><\/p>\n<ul>\n<li><strong>Privatgutachten<\/strong>\u00a0dienen der\u00a0 Beratung und Entscheidungsfindung oder fachlichen Kl\u00e4rung von strittigen Fragen zwischen zwei Parteien (beispielsweise zwischen dem Kunden und der ausf\u00fchrenden Firma). \u00dcberdies eignen sie sich zur Vorlage bei Gericht, um Anspr\u00fcche zu belegen.<\/li>\n<\/ul>\n<ul>\n<li><strong>Gerichtsgutachten<\/strong>\u00a0werden von der Justiz beauftragt, um strittige Sachverhalte zu kl\u00e4ren.<\/li>\n<\/ul>\n<ul>\n<li><strong>Schiedsgutachten<\/strong>\u00a0kommen in Betracht, wenn zwei Parteien offene Fragen schnell und ohne Einschalten eines Gerichts gekl\u00e4rt haben wollen.<\/li>\n<\/ul>\n<p>Frank Eisele ist von der IHK Region Stuttgart \u00f6ffentlich bestellt und vereidigt als Sachverst\u00e4ndiger f\u00fcr Schwimmbad- und Wellnesstechnik sowie Technische Geb\u00e4udeausr\u00fcstung f\u00fcr Schwimmhallen<\/p>\n<div>\n<hr \/>\n<\/div>\n<p><strong>M\u00f6chten Sie weitere Informationen oder haben Sie Fragen?<\/strong><br \/>\n<strong>Sprechen Sie uns an, wir beraten Sie gerne!<\/strong><\/p>\n<p>Telefon +49 (0) 711 22 04 15 59<br \/>\nTelefon Mobil +49 (0) 163 7 11 00 31<br \/>\nE-Mail\u00a0<a href=\"mailto:info@wws-eisele.de\">info@wws-eisele.de<\/a><!--:--><!--:en--><\/p>\n<div><\/div>\n<p><!--:--><\/p>\n","protected":false},"excerpt":{"rendered":"<p>Ihr Sachverst\u00e4ndiger f\u00fcr Schwimmbadtechnik Gerade im Bereich der Schwimmbad- und Wellnessanlagen mit ihrer hochspezialisierten Technik kann es manchmal zu Situationen kommen, in denen ein Gutachten ben\u00f6tigt wird. Ob bei Planungsfehlern, Rechtsstreitigkeiten oder Versicherungssch\u00e4den \u2013 wir erstellen Ihnen das erforderliche\u00a0Gutachten: kompetent und unb\u00fcrokratisch. Unser Leistungsumfang Privatgutachten\u00a0dienen der\u00a0 Beratung und Entscheidungsfindung oder fachlichen Kl\u00e4rung von strittigen Fragen [&hellip;]<\/p>\n","protected":false},"author":3,"featured_media":0,"parent":0,"menu_order":0,"comment_status":"closed","ping_status":"closed","template":"","meta":[],"yoast_head":"<!-- This site is optimized with the Yoast SEO plugin v20.0 - https:\/\/yoast.com\/wordpress\/plugins\/seo\/ -->\n<title>\u00d6ffentlich best. u. vereidigter Sachverst\u00e4ndiger f\u00fcr Schwimmbadtechnik<\/title>\n<meta name=\"description\" content=\"Sachverst\u00e4ndiger f\u00fcr Schwimmbadbau Schwimmbadtechnik und Technische Geb\u00e4udeausr\u00fcstung f\u00fcr Schwimmhallen sowie Wellnessanlagen Sauna Dampfbad Sicherheit\" \/>\n<meta name=\"robots\" content=\"index, follow, max-snippet:-1, max-image-preview:large, max-video-preview:-1\" \/>\n<link rel=\"canonical\" href=\"http:\/\/wws-eisele.de\/?page_id=12\" \/>\n<meta name=\"twitter:card\" content=\"summary_large_image\" \/>\n<meta name=\"twitter:title\" content=\"\u00d6ffentlich best. u. vereidigter Sachverst\u00e4ndiger f\u00fcr Schwimmbadtechnik\" \/>\n<meta name=\"twitter:description\" content=\"Sachverst\u00e4ndiger f\u00fcr Schwimmbadbau Schwimmbadtechnik und Technische Geb\u00e4udeausr\u00fcstung f\u00fcr Schwimmhallen sowie Wellnessanlagen Sauna Dampfbad Sicherheit\" \/>\n<meta name=\"twitter:label1\" content=\"Gesch\u00e4tzte Lesezeit\" \/>\n\t<meta name=\"twitter:data1\" content=\"1 Minute\" \/>\n<script type=\"application\/ld+json\" class=\"yoast-schema-graph\">{\"@context\":\"https:\/\/schema.org\",\"@graph\":[{\"@type\":\"WebPage\",\"@id\":\"http:\/\/wws-eisele.de\/?page_id=12\",\"url\":\"http:\/\/wws-eisele.de\/?page_id=12\",\"name\":\"\u00d6ffentlich best. u. vereidigter Sachverst\u00e4ndiger f\u00fcr Schwimmbadtechnik\",\"isPartOf\":{\"@id\":\"http:\/\/wws-eisele.de\/#website\"},\"datePublished\":\"2012-08-31T07:16:58+00:00\",\"dateModified\":\"2022-11-21T14:07:52+00:00\",\"description\":\"Sachverst\u00e4ndiger f\u00fcr Schwimmbadbau Schwimmbadtechnik und Technische Geb\u00e4udeausr\u00fcstung f\u00fcr Schwimmhallen sowie Wellnessanlagen Sauna Dampfbad Sicherheit\",\"breadcrumb\":{\"@id\":\"http:\/\/wws-eisele.de\/?page_id=12#breadcrumb\"},\"inLanguage\":\"de-DE\",\"potentialAction\":[{\"@type\":\"ReadAction\",\"target\":[\"http:\/\/wws-eisele.de\/?page_id=12\"]}]},{\"@type\":\"BreadcrumbList\",\"@id\":\"http:\/\/wws-eisele.de\/?page_id=12#breadcrumb\",\"itemListElement\":[{\"@type\":\"ListItem\",\"position\":1,\"name\":\"Startseite\",\"item\":\"http:\/\/wws-eisele.de\/\"},{\"@type\":\"ListItem\",\"position\":2,\"name\":\"Gutachten\"}]},{\"@type\":\"WebSite\",\"@id\":\"http:\/\/wws-eisele.de\/#website\",\"url\":\"http:\/\/wws-eisele.de\/\",\"name\":\"WWS EISELE\",\"description\":\"Eine weitere WordPress-Seite\",\"potentialAction\":[{\"@type\":\"SearchAction\",\"target\":{\"@type\":\"EntryPoint\",\"urlTemplate\":\"http:\/\/wws-eisele.de\/?s={search_term_string}\"},\"query-input\":\"required name=search_term_string\"}],\"inLanguage\":\"de-DE\"}]}<\/script>\n<!-- \/ Yoast SEO plugin. -->","yoast_head_json":{"title":"\u00d6ffentlich best. u. vereidigter Sachverst\u00e4ndiger f\u00fcr Schwimmbadtechnik","description":"Sachverst\u00e4ndiger f\u00fcr Schwimmbadbau Schwimmbadtechnik und Technische Geb\u00e4udeausr\u00fcstung f\u00fcr Schwimmhallen sowie Wellnessanlagen Sauna Dampfbad Sicherheit","robots":{"index":"index","follow":"follow","max-snippet":"max-snippet:-1","max-image-preview":"max-image-preview:large","max-video-preview":"max-video-preview:-1"},"canonical":"http:\/\/wws-eisele.de\/?page_id=12","twitter_card":"summary_large_image","twitter_title":"\u00d6ffentlich best. u. vereidigter Sachverst\u00e4ndiger f\u00fcr Schwimmbadtechnik","twitter_description":"Sachverst\u00e4ndiger f\u00fcr Schwimmbadbau Schwimmbadtechnik und Technische Geb\u00e4udeausr\u00fcstung f\u00fcr Schwimmhallen sowie Wellnessanlagen Sauna Dampfbad Sicherheit","twitter_misc":{"Gesch\u00e4tzte Lesezeit":"1 Minute"},"schema":{"@context":"https:\/\/schema.org","@graph":[{"@type":"WebPage","@id":"http:\/\/wws-eisele.de\/?page_id=12","url":"http:\/\/wws-eisele.de\/?page_id=12","name":"\u00d6ffentlich best. u. vereidigter Sachverst\u00e4ndiger f\u00fcr Schwimmbadtechnik","isPartOf":{"@id":"http:\/\/wws-eisele.de\/#website"},"datePublished":"2012-08-31T07:16:58+00:00","dateModified":"2022-11-21T14:07:52+00:00","description":"Sachverst\u00e4ndiger f\u00fcr Schwimmbadbau Schwimmbadtechnik und Technische Geb\u00e4udeausr\u00fcstung f\u00fcr Schwimmhallen sowie Wellnessanlagen Sauna Dampfbad Sicherheit","breadcrumb":{"@id":"http:\/\/wws-eisele.de\/?page_id=12#breadcrumb"},"inLanguage":"de-DE","potentialAction":[{"@type":"ReadAction","target":["http:\/\/wws-eisele.de\/?page_id=12"]}]},{"@type":"BreadcrumbList","@id":"http:\/\/wws-eisele.de\/?page_id=12#breadcrumb","itemListElement":[{"@type":"ListItem","position":1,"name":"Startseite","item":"http:\/\/wws-eisele.de\/"},{"@type":"ListItem","position":2,"name":"Gutachten"}]},{"@type":"WebSite","@id":"http:\/\/wws-eisele.de\/#website","url":"http:\/\/wws-eisele.de\/","name":"WWS EISELE","description":"Eine weitere WordPress-Seite","potentialAction":[{"@type":"SearchAction","target":{"@type":"EntryPoint","urlTemplate":"http:\/\/wws-eisele.de\/?s={search_term_string}"},"query-input":"required name=search_term_string"}],"inLanguage":"de-DE"}]}},"_links":{"self":[{"href":"http:\/\/wws-eisele.de\/index.php?rest_route=\/wp\/v2\/pages\/12"}],"collection":[{"href":"http:\/\/wws-eisele.de\/index.php?rest_route=\/wp\/v2\/pages"}],"about":[{"href":"http:\/\/wws-eisele.de\/index.php?rest_route=\/wp\/v2\/types\/page"}],"author":[{"embeddable":true,"href":"http:\/\/wws-eisele.de\/index.php?rest_route=\/wp\/v2\/users\/3"}],"replies":[{"embeddable":true,"href":"http:\/\/wws-eisele.de\/index.php?rest_route=%2Fwp%2Fv2%2Fcomments&post=12"}],"version-history":[{"count":21,"href":"http:\/\/wws-eisele.de\/index.php?rest_route=\/wp\/v2\/pages\/12\/revisions"}],"predecessor-version":[{"id":673,"href":"http:\/\/wws-eisele.de\/index.php?rest_route=\/wp\/v2\/pages\/12\/revisions\/673"}],"wp:attachment":[{"href":"http:\/\/wws-eisele.de\/index.php?rest_route=%2Fwp%2Fv2%2Fmedia&parent=12"}],"curies":[{"name":"wp","href":"https:\/\/api.w.org\/{rel}","templated":true}]}}