{"id":10,"date":"2012-08-31T09:16:47","date_gmt":"2012-08-31T07:16:47","guid":{"rendered":"http:\/\/wws-eisele.de\/v2\/?page_id=10"},"modified":"2022-11-21T16:07:17","modified_gmt":"2022-11-21T14:07:17","slug":"leistungen","status":"publish","type":"page","link":"http:\/\/wws-eisele.de\/?page_id=10","title":{"rendered":"Leistungen"},"content":{"rendered":"<p><!--:de--><\/p>\n<h2 id=\"post-29\">Erfahrung, Kompetenz und Unabh\u00e4ngigkeit<\/h2>\n<div>\n<p><strong>WWS-Eisele<\/strong><strong>\u00a0Wasser-Wellness-Schwimmbad\u00a0<\/strong>bietet Ihnen qualifizierte Beratungs- und Planungsleistungen f\u00fcr die Technik in \u00f6ffentlichen und privat genutzten Schwimmb\u00e4dern und Wellness-Anlagen.<\/p>\n<p>Sie wendet sich an Planer und Betreiber von Schwimmbadanlagen sowie an Unternehmen der Schwimmbad- und Wellnessindustrie.<\/p>\n<p>Profitieren Sie von unserer Erfahrung,\u00a0Kompetenz\u00a0und\u00a0Unabh\u00e4ngigkeit.<\/p>\n<\/div>\n<p><div id='home_box'>\n\t\t<ul>\n\t\t\t<li><a href='http:\/\/wws-eisele.de\/?page_id=66'>Planung\n\t\t\t<small>Neuanlagen \/ Sanierungen<\/small><\/a><\/li>\n\t\t\t<li><a href='http:\/\/wws-eisele.de\/?page_id=68'>\u00dcberpr\u00fcfung\n\t\t\t<small>der Sicherheit<\/small><\/a><\/li>\n\t\t\t<li><a href='http:\/\/wws-eisele.de\/?page_id=70'>Produktberatung\n\t\t\t<small>Neuentwicklungen \/ \u00c4nderungen<\/small><\/a><\/li>\n\t\t\t<li><a href='http:\/\/wws-eisele.de\/?page_id=73'>Zertifizierung\n\t\t\t<small>nach geltenden Regelwerken<\/small><\/a><\/li>\n\t\t<\/ul>\n\t<\/div><!--:--><!--:en--><\/p>\n<p><!--:--><!--:ru--><\/p>\n<p><!--:--><\/p>\n","protected":false},"excerpt":{"rendered":"<p>Erfahrung, Kompetenz und Unabh\u00e4ngigkeit WWS-Eisele\u00a0Wasser-Wellness-Schwimmbad\u00a0bietet Ihnen qualifizierte Beratungs- und Planungsleistungen f\u00fcr die Technik in \u00f6ffentlichen und privat genutzten Schwimmb\u00e4dern und Wellness-Anlagen. Sie wendet sich an Planer und Betreiber von Schwimmbadanlagen sowie an Unternehmen der Schwimmbad- und Wellnessindustrie. Profitieren Sie von unserer Erfahrung,\u00a0Kompetenz\u00a0und\u00a0Unabh\u00e4ngigkeit.<\/p>\n","protected":false},"author":3,"featured_media":0,"parent":0,"menu_order":0,"comment_status":"closed","ping_status":"closed","template":"","meta":[],"yoast_head":"<!-- This site is optimized with the Yoast SEO plugin v20.0 - https:\/\/yoast.com\/wordpress\/plugins\/seo\/ -->\n<title>Beratung und Planung bei Schwimmb\u00e4dern und Wellnessanlagen<\/title>\n<meta name=\"description\" content=\"Schwimmbadtechnik Badewasser Filteranlage Sicherheit in Schwimmb\u00e4dern Risikoanalyse \u00f6ffentliche und private Schwimmb\u00e4derSachverst\u00e4ndiger Schwimmbadtechnik\" \/>\n<meta name=\"robots\" content=\"index, follow, max-snippet:-1, max-image-preview:large, max-video-preview:-1\" \/>\n<link rel=\"canonical\" href=\"http:\/\/wws-eisele.de\/?page_id=10\" \/>\n<meta name=\"twitter:card\" content=\"summary_large_image\" \/>\n<meta name=\"twitter:title\" content=\"Beratung und Planung bei Schwimmb\u00e4dern und Wellnessanlagen\" \/>\n<meta name=\"twitter:description\" content=\"Schwimmbadtechnik Badewasser Filteranlage Sicherheit in Schwimmb\u00e4dern Risikoanalyse \u00f6ffentliche und private Schwimmb\u00e4derSachverst\u00e4ndiger Schwimmbadtechnik\" \/>\n<meta name=\"twitter:label1\" content=\"Gesch\u00e4tzte Lesezeit\" \/>\n\t<meta name=\"twitter:data1\" content=\"1 Minute\" \/>\n<script type=\"application\/ld+json\" class=\"yoast-schema-graph\">{\"@context\":\"https:\/\/schema.org\",\"@graph\":[{\"@type\":\"WebPage\",\"@id\":\"http:\/\/wws-eisele.de\/?page_id=10\",\"url\":\"http:\/\/wws-eisele.de\/?page_id=10\",\"name\":\"Beratung und Planung bei Schwimmb\u00e4dern und Wellnessanlagen\",\"isPartOf\":{\"@id\":\"http:\/\/wws-eisele.de\/#website\"},\"datePublished\":\"2012-08-31T07:16:47+00:00\",\"dateModified\":\"2022-11-21T14:07:17+00:00\",\"description\":\"Schwimmbadtechnik Badewasser Filteranlage Sicherheit in Schwimmb\u00e4dern Risikoanalyse \u00f6ffentliche und private Schwimmb\u00e4derSachverst\u00e4ndiger Schwimmbadtechnik\",\"breadcrumb\":{\"@id\":\"http:\/\/wws-eisele.de\/?page_id=10#breadcrumb\"},\"inLanguage\":\"de-DE\",\"potentialAction\":[{\"@type\":\"ReadAction\",\"target\":[\"http:\/\/wws-eisele.de\/?page_id=10\"]}]},{\"@type\":\"BreadcrumbList\",\"@id\":\"http:\/\/wws-eisele.de\/?page_id=10#breadcrumb\",\"itemListElement\":[{\"@type\":\"ListItem\",\"position\":1,\"name\":\"Startseite\",\"item\":\"http:\/\/wws-eisele.de\/\"},{\"@type\":\"ListItem\",\"position\":2,\"name\":\"Leistungen\"}]},{\"@type\":\"WebSite\",\"@id\":\"http:\/\/wws-eisele.de\/#website\",\"url\":\"http:\/\/wws-eisele.de\/\",\"name\":\"WWS EISELE\",\"description\":\"Eine weitere WordPress-Seite\",\"potentialAction\":[{\"@type\":\"SearchAction\",\"target\":{\"@type\":\"EntryPoint\",\"urlTemplate\":\"http:\/\/wws-eisele.de\/?s={search_term_string}\"},\"query-input\":\"required name=search_term_string\"}],\"inLanguage\":\"de-DE\"}]}<\/script>\n<!-- \/ Yoast SEO plugin. -->","yoast_head_json":{"title":"Beratung und Planung bei Schwimmb\u00e4dern und Wellnessanlagen","description":"Schwimmbadtechnik Badewasser Filteranlage Sicherheit in Schwimmb\u00e4dern Risikoanalyse \u00f6ffentliche und private Schwimmb\u00e4derSachverst\u00e4ndiger Schwimmbadtechnik","robots":{"index":"index","follow":"follow","max-snippet":"max-snippet:-1","max-image-preview":"max-image-preview:large","max-video-preview":"max-video-preview:-1"},"canonical":"http:\/\/wws-eisele.de\/?page_id=10","twitter_card":"summary_large_image","twitter_title":"Beratung und Planung bei Schwimmb\u00e4dern und Wellnessanlagen","twitter_description":"Schwimmbadtechnik Badewasser Filteranlage Sicherheit in Schwimmb\u00e4dern Risikoanalyse \u00f6ffentliche und private Schwimmb\u00e4derSachverst\u00e4ndiger Schwimmbadtechnik","twitter_misc":{"Gesch\u00e4tzte Lesezeit":"1 Minute"},"schema":{"@context":"https:\/\/schema.org","@graph":[{"@type":"WebPage","@id":"http:\/\/wws-eisele.de\/?page_id=10","url":"http:\/\/wws-eisele.de\/?page_id=10","name":"Beratung und Planung bei Schwimmb\u00e4dern und Wellnessanlagen","isPartOf":{"@id":"http:\/\/wws-eisele.de\/#website"},"datePublished":"2012-08-31T07:16:47+00:00","dateModified":"2022-11-21T14:07:17+00:00","description":"Schwimmbadtechnik Badewasser Filteranlage Sicherheit in Schwimmb\u00e4dern Risikoanalyse \u00f6ffentliche und private Schwimmb\u00e4derSachverst\u00e4ndiger Schwimmbadtechnik","breadcrumb":{"@id":"http:\/\/wws-eisele.de\/?page_id=10#breadcrumb"},"inLanguage":"de-DE","potentialAction":[{"@type":"ReadAction","target":["http:\/\/wws-eisele.de\/?page_id=10"]}]},{"@type":"BreadcrumbList","@id":"http:\/\/wws-eisele.de\/?page_id=10#breadcrumb","itemListElement":[{"@type":"ListItem","position":1,"name":"Startseite","item":"http:\/\/wws-eisele.de\/"},{"@type":"ListItem","position":2,"name":"Leistungen"}]},{"@type":"WebSite","@id":"http:\/\/wws-eisele.de\/#website","url":"http:\/\/wws-eisele.de\/","name":"WWS EISELE","description":"Eine weitere WordPress-Seite","potentialAction":[{"@type":"SearchAction","target":{"@type":"EntryPoint","urlTemplate":"http:\/\/wws-eisele.de\/?s={search_term_string}"},"query-input":"required name=search_term_string"}],"inLanguage":"de-DE"}]}},"_links":{"self":[{"href":"http:\/\/wws-eisele.de\/index.php?rest_route=\/wp\/v2\/pages\/10"}],"collection":[{"href":"http:\/\/wws-eisele.de\/index.php?rest_route=\/wp\/v2\/pages"}],"about":[{"href":"http:\/\/wws-eisele.de\/index.php?rest_route=\/wp\/v2\/types\/page"}],"author":[{"embeddable":true,"href":"http:\/\/wws-eisele.de\/index.php?rest_route=\/wp\/v2\/users\/3"}],"replies":[{"embeddable":true,"href":"http:\/\/wws-eisele.de\/index.php?rest_route=%2Fwp%2Fv2%2Fcomments&post=10"}],"version-history":[{"count":29,"href":"http:\/\/wws-eisele.de\/index.php?rest_route=\/wp\/v2\/pages\/10\/revisions"}],"predecessor-version":[{"id":672,"href":"http:\/\/wws-eisele.de\/index.php?rest_route=\/wp\/v2\/pages\/10\/revisions\/672"}],"wp:attachment":[{"href":"http:\/\/wws-eisele.de\/index.php?rest_route=%2Fwp%2Fv2%2Fmedia&parent=10"}],"curies":[{"name":"wp","href":"https:\/\/api.w.org\/{rel}","templated":true}]}}